{"id":10,"date":"2021-11-24T11:58:42","date_gmt":"2021-11-24T10:58:42","guid":{"rendered":"http:\/\/bienlouerconciergerie.fr\/?page_id=10"},"modified":"2026-03-09T16:18:07","modified_gmt":"2026-03-09T15:18:07","slug":"contact","status":"publish","type":"page","link":"https:\/\/bienlouerconciergerie.fr\/index.php\/contact\/","title":{"rendered":"Contact"},"content":{"rendered":"\n<p>Vous \u00eates propri\u00e9taire en Sud Ard\u00e8che  ou vous envisagez de mettre un logement en location courte dur\u00e9e ?<br>Contactez-moi pour \u00e9changer sur votre projet.<\/p>\n\n\n\n<p><\/p>\n\n\n\n<h3 class=\"wp-block-heading\"><strong>Vous avez une question ou un projet de location saisonni\u00e8re ? <\/strong><\/h3>\n\n\n\n<h3 class=\"wp-block-heading\"><strong> Vous pouvez me contacter pour :<\/strong><\/h3>\n\n\n\n<p>\u2022 un projet de location saisonni\u00e8re en Sud Ard\u00e8che<br>\u2022 des questions sur l\u2019organisation ou la gestion d\u2019un g\u00eete<br>\u2022 un besoin ponctuel d\u2019accompagnement ou de conciergerie<br>\u2022 \u00e9changer sur votre projet de location courte dur\u00e9e<\/p>\n\n\n\n<p><strong>Coordonn\u00e9es<\/strong><\/p>\n\n\n\n<p>\ud83d\udce7 <strong>Email :<\/strong> <a>contact@bienlouerconciergerie.fr<\/a><br>\ud83d\udccd <strong>Secteur :<\/strong> Sud Ard\u00e8che \u2013 Joyeuse (07260)<br>\ud83d\udcd8 <strong>Facebook :<\/strong> https:\/\/www.facebook.com\/Joyeuse07260<br>\ud83d\udcc4 <strong>Siret :<\/strong> 52933793300038 \u2013 RCS Aubenas<\/p>\n\n\n\n<p>Je vous r\u00e9pondrai avec plaisir et dans les meilleurs d\u00e9lais.<\/p>\n","protected":false},"excerpt":{"rendered":"<p>Vous \u00eates propri\u00e9taire en Sud Ard\u00e8che ou vous envisagez de mettre un logement en location courte dur\u00e9e ?Contactez-moi pour \u00e9changer sur votre projet. Vous avez une question ou un projet de location saisonni\u00e8re ? Vous pouvez me contacter pour : \u2022 un projet de location saisonni\u00e8re en Sud Ard\u00e8che\u2022 des questions sur l\u2019organisation ou la &hellip; <\/p>\n<p class=\"link-more\"><a href=\"https:\/\/bienlouerconciergerie.fr\/index.php\/contact\/\" class=\"more-link\">Continuer la lecture<span class=\"screen-reader-text\"> de &laquo;&nbsp;Contact&nbsp;&raquo;<\/span><\/a><\/p>\n","protected":false},"author":1,"featured_media":0,"parent":0,"menu_order":0,"comment_status":"closed","ping_status":"closed","template":"","meta":{"footnotes":""},"_links":{"self":[{"href":"https:\/\/bienlouerconciergerie.fr\/index.php\/wp-json\/wp\/v2\/pages\/10"}],"collection":[{"href":"https:\/\/bienlouerconciergerie.fr\/index.php\/wp-json\/wp\/v2\/pages"}],"about":[{"href":"https:\/\/bienlouerconciergerie.fr\/index.php\/wp-json\/wp\/v2\/types\/page"}],"author":[{"embeddable":true,"href":"https:\/\/bienlouerconciergerie.fr\/index.php\/wp-json\/wp\/v2\/users\/1"}],"replies":[{"embeddable":true,"href":"https:\/\/bienlouerconciergerie.fr\/index.php\/wp-json\/wp\/v2\/comments?post=10"}],"version-history":[{"count":10,"href":"https:\/\/bienlouerconciergerie.fr\/index.php\/wp-json\/wp\/v2\/pages\/10\/revisions"}],"predecessor-version":[{"id":1838,"href":"https:\/\/bienlouerconciergerie.fr\/index.php\/wp-json\/wp\/v2\/pages\/10\/revisions\/1838"}],"wp:attachment":[{"href":"https:\/\/bienlouerconciergerie.fr\/index.php\/wp-json\/wp\/v2\/media?parent=10"}],"curies":[{"name":"wp","href":"https:\/\/api.w.org\/{rel}","templated":true}]}}