{"id":377,"date":"2021-12-07T19:11:24","date_gmt":"2021-12-07T18:11:24","guid":{"rendered":"https:\/\/bienlouerconciergerie.fr\/?page_id=377"},"modified":"2026-03-09T15:22:10","modified_gmt":"2026-03-09T14:22:10","slug":"avantages","status":"publish","type":"page","link":"https:\/\/bienlouerconciergerie.fr\/index.php\/avantages\/","title":{"rendered":"Solution compl\u00e8te d&rsquo; accompagnement aux propri\u00e9taires"},"content":{"rendered":"\n<p class=\"has-normal-font-size\"><strong>Gestion de l&rsquo;entretien du logement<\/strong>:<\/p>\n\n\n\n<ul>\n<li>Nettoyage d&rsquo;ouverture  de saison locative ou 1ere mise en location<\/li>\n\n\n\n<li>Repasse nettoyage professionnel hygi\u00e8nique minutieux apr\u00e8s d\u00e9part des locataires <\/li>\n\n\n\n<li>Location de linge et gestion du linge de l&rsquo;h\u00e9bergement<\/li>\n\n\n\n<li>Petit jardinage<\/li>\n\n\n\n<li>Entretien courant de piscine<\/li>\n\n\n\n<li>Logement  livr\u00e9s dans un \u00e9tat de propret\u00e9 parfaite<\/li>\n\n\n\n<li>Intendance \/Surveillance<\/li>\n\n\n\n<li><strong><em>Gestion des voyageurs (locataires):<\/em><\/strong><\/li>\n\n\n\n<li>Check-in \/ remises des cl\u00e9s \/ consignes et visites de l&rsquo;h\u00e9bergement<\/li>\n\n\n\n<li>Check-out avec controle visuel de l&rsquo;\u00e9tat du logement et de sa propret\u00e9 correcte.<\/li>\n\n\n\n<li>D\u00e9clenchement  dans les 48h de l&rsquo;ouverture d&rsquo;un dossier de retenue sur la  caution des locataires aupr\u00e8s du gestionnaire de r\u00e9servation partenaire.<\/li>\n\n\n\n<li>Location et livraison sur place de linge de lit, de toilette, de maison&#8230;<\/li>\n\n\n\n<li>Assistance voyageur<\/li>\n\n\n\n<li>Conseils touristiques<\/li>\n\n\n\n<li>Services personnalis\u00e9s pour organisation d&rsquo;\u00e9v\u00e9nements priv\u00e9s (R\u00e9servation de fleurs , de patisserie , de repas, de billeterie&#8230;)<\/li>\n<\/ul>\n\n\n\n<div class=\"wp-block-group is-layout-flow wp-block-group-is-layout-flow\"><div class=\"wp-block-group__inner-container\">\n<p><\/p>\n\n\n\n<figure class=\"wp-block-image size-full is-style-default\"><img loading=\"lazy\" decoding=\"async\" width=\"1000\" height=\"530\" src=\"https:\/\/bienlouerconciergerie.fr\/wp-content\/uploads\/2021\/12\/cropped-colibri-image-129.png\" alt=\"\" class=\"wp-image-663\" srcset=\"https:\/\/bienlouerconciergerie.fr\/wp-content\/uploads\/2021\/12\/cropped-colibri-image-129.png 1000w, https:\/\/bienlouerconciergerie.fr\/wp-content\/uploads\/2021\/12\/cropped-colibri-image-129-300x159.png 300w, https:\/\/bienlouerconciergerie.fr\/wp-content\/uploads\/2021\/12\/cropped-colibri-image-129-768x407.png 768w, https:\/\/bienlouerconciergerie.fr\/wp-content\/uploads\/2021\/12\/cropped-colibri-image-129-500x265.png 500w\" sizes=\"(max-width: 767px) 89vw, (max-width: 1000px) 54vw, (max-width: 1071px) 543px, 580px\" \/><\/figure>\n\n\n\n<p class=\"has-text-align-left has-black-color has-text-color\" style=\"font-size:24px\"><strong>L&rsquo;innovation est l\u00e0 pour vous.<\/strong><\/p>\n\n\n\n<p class=\"has-text-align-left\" style=\"font-size:20px\"><strong>AVANT ,<\/strong><\/p>\n\n\n\n<p class=\"has-text-align-left has-black-color has-text-color has-link-color wp-elements-9669e8e4fc7065a6b632121750955518\">Il fallait mettre \u00e0 jour manuellement les calendriers des 2 \/3 diff\u00e9rentes plateformes de r\u00e9servations pour ne pas risquer le surbooking (double r\u00e9servations, voir m\u00eame des familles de vacanciers qui arrivent en m\u00eame temps.)<\/p>\n\n\n\n<p class=\"has-text-align-left has-black-color has-text-color has-link-color wp-elements-00e8cc3cecd6be1f1b69a4686b50a9dc\">La diffusion des annonces \u00e9tait limit\u00e9e \u00e0 2 ou 3 plateformes,  Les frais d&rsquo;abonnement ou de commissions se cumulaient,  Le temps pass\u00e9 et les d\u00e9rangements des notifications s&rsquo;ajoutaient.<\/p>\n\n\n\n<p class=\"has-text-align-left has-black-color has-text-color has-link-color wp-elements-afa1aa62bf15ae91c5efe538f6a18075\">Il fallait r\u00e9pondre aux questions, aux demandes, g\u00e9rer les contrats de locations<\/p>\n\n\n\n<p class=\"has-text-align-left has-black-color has-text-color has-link-color wp-elements-aa835389cdf03a5d2787d35ba45c81ab\"> Le taux d&rsquo;occupation  et les revenus locatifs tendaient \u00e0 baisse vu le nombre de possibilit\u00e9s de r\u00e9servation sur internet.<\/p>\n\n\n\n<p class=\"has-text-align-left has-black-color has-text-color has-link-color wp-elements-21d8809e2731defc6c80619c4daa239a\">  Les relations avec le  service client  avec ces plateformes impersonnelles quasi- impossible , pas en fran\u00e7ais.<\/p>\n\n\n\n<p class=\"has-text-align-left\"> Il n&rsquo;y avait pas de moyen simple de connaitre ces performances locatives.<\/p>\n\n\n\n<p class=\"has-text-align-left\"><strong>APRES<\/strong> la souscription au service commercialisation  de votre logement: <\/p>\n\n\n\n<p class=\"has-text-align-left has-black-color has-text-color has-link-color wp-elements-8b7c77f28ee47361307c520d3660bcf1\">Vos calendriers sont synchronis\u00e9s  sur les diff\u00e9rentes plateformes de r\u00e9servations en temps r\u00e9el, fini les doubles r\u00e9servations.<\/p>\n\n\n\n<p class=\"has-black-color has-text-color has-link-color wp-elements-3622482656e734e00f54668c1b00f12d\">Notre solution  vous offre la meilleure diffusion et meilleur niveau de connexion au principaux sites d&rsquo;annonces <\/p>\n\n\n\n<p class=\"has-black-color has-text-color has-link-color wp-elements-6f0f9f572293ff2939467bc901dc3c0f\">Vous b\u00e9n\u00e9ficiez d&rsquo;un charg\u00e9 de compte personnel pour r\u00e9pondre \u00e0 vos besoins<\/p>\n\n\n\n<p class=\"has-black-color has-text-color has-link-color wp-elements-aaae12fc0de01fc261c32ddb081e6067\">Votre pr\u00e9sence sur internet avec une visibilit\u00e9 sur 20 plateformes sans frais d&rsquo;abonnement ou frais fixes.<\/p>\n\n\n\n<p class=\"has-black-color has-text-color has-link-color wp-elements-fdd01fa8eb86e06d0920885ab751a1a2\">Les paiements des s\u00e9jours, les cautions sont g\u00e9r\u00e9s et s\u00e9curis\u00e9s avec des outils performants. <\/p>\n\n\n\n<p class=\"has-text-align-left has-black-color has-text-color has-link-color wp-elements-fc86821b95a4e9402420c1496a4329a0\">Les r\u00e9ponses aux demandes des voyageurs sont effectu\u00e9es pour vous dans 4 langues.<\/p>\n\n\n\n<p class=\"has-text-align-left has-black-color has-text-color has-link-color wp-elements-1d6721b6657f344d995a889c31e3ca03\"> L&rsquo;optimisation du taux d&rsquo;occupation et des tarifs vous permet de  compenser  des frais des plateformes.<\/p>\n\n\n\n<p class=\"has-text-align-left has-black-color has-text-color has-link-color wp-elements-045f1b37fb9653f1293ff43f34ca8777\">Vous b\u00e9n\u00e9ficiez d&rsquo;un conseiller personnel charg\u00e9 de votre compte disponible  par email,  par t\u00e9l\u00e9phone pour r\u00e9pondre \u00e0 vos questions dans votre langue.<\/p>\n\n\n\n<p class=\"has-text-align-left has-black-color has-text-color has-link-color wp-elements-f62b5793980aff6eeb947115fda13566\">  Vous b\u00e9n\u00e9ficier d&rsquo; acc\u00e8s personnel  \u00e0 une interface  de suivi des performances avec un suivi en temps r\u00e9el des revenus et des r\u00e9servations.<\/p>\n\n\n\n<p><\/p>\n\n\n\n<h3 class=\"wp-block-heading\">\ud83d\udcd8<strong> Le guide S\u00e9r\u00e9nit\u00e9 de la location courte dur\u00e9e<\/strong><\/h3>\n\n\n\n<p>Forte de plusieurs ann\u00e9es d\u2019exp\u00e9rience dans la gestion de logements en location saisonni\u00e8re, j\u2019ai souhait\u00e9 rassembler dans un guide les bonnes pratiques qui permettent aux propri\u00e9taires de louer sereinement tout en pr\u00e9servant leur bien et la qualit\u00e9 de l\u2019accueil.<\/p>\n\n\n\n<p>Ce guide s\u2019adresse :<\/p>\n\n\n\n<p>\u2022 aux propri\u00e9taires qui souhaitent se lancer dans la location courte dur\u00e9e<br>\u2022 \u00e0 ceux qui souhaitent mieux comprendre le fonctionnement de la gestion locative<br>\u2022 aux conciergeries et professionnels du secteur<\/p>\n\n\n\n<p>Ce guide est issu de l\u2019exp\u00e9rience terrain de <strong>Bien Louer Conciergerie<\/strong>, aupr\u00e8s des propri\u00e9taires et des voyageurs accueillis chaque ann\u00e9e dans notre r\u00e9gion.<\/p>\n\n\n\n<p>Vous y trouverez notamment :<\/p>\n\n\n\n<p>\u2022 les bases pour organiser un logement destin\u00e9 \u00e0 la location saisonni\u00e8re<br>\u2022 les bonnes pratiques pour l\u2019entretien et la gestion du linge<br>\u2022 les points de vigilance pour \u00e9viter les mauvaises surprises<br>\u2022 des conseils issus de l\u2019exp\u00e9rience terrain<\/p>\n\n\n\n<p>\ud83d\udc49Cliquez sur l&rsquo;image ci-dessous pour consulter un extrait du  guide sur Amazon.<\/p>\n\n\n\n<blockquote class=\"wp-block-quote\">\n<p class=\"has-text-align-center has-medium-font-size\"><a href=\"https:\/\/www.amazon.fr\/Guide-S%C3%A9r%C3%A9nit%C3%A9-Location-Courte-Dur%C3%A9e\/dp\/B0GL8MCQW2\" data-type=\"link\" data-id=\"https:\/\/www.amazon.fr\/Guide-S%C3%A9r%C3%A9nit%C3%A9-Location-Courte-Dur%C3%A9e\/dp\/B0GL8MCQW2?ref_=ast_author_mpb\" target=\"_blank\" rel=\"noreferrer noopener\"><img loading=\"lazy\" decoding=\"async\" width=\"2000\" height=\"1406\" class=\"wp-image-1833\" style=\"width: 600px;\" src=\"https:\/\/bienlouerconciergerie.fr\/wp-content\/uploads\/2026\/03\/COUVERTURE-GUIDE-DE-LA-LOCATION-DE-COURTE-DUREE.png\" alt=\"\" srcset=\"https:\/\/bienlouerconciergerie.fr\/wp-content\/uploads\/2026\/03\/COUVERTURE-GUIDE-DE-LA-LOCATION-DE-COURTE-DUREE.png 2000w, https:\/\/bienlouerconciergerie.fr\/wp-content\/uploads\/2026\/03\/COUVERTURE-GUIDE-DE-LA-LOCATION-DE-COURTE-DUREE-300x211.png 300w, https:\/\/bienlouerconciergerie.fr\/wp-content\/uploads\/2026\/03\/COUVERTURE-GUIDE-DE-LA-LOCATION-DE-COURTE-DUREE-1024x720.png 1024w, https:\/\/bienlouerconciergerie.fr\/wp-content\/uploads\/2026\/03\/COUVERTURE-GUIDE-DE-LA-LOCATION-DE-COURTE-DUREE-768x540.png 768w, https:\/\/bienlouerconciergerie.fr\/wp-content\/uploads\/2026\/03\/COUVERTURE-GUIDE-DE-LA-LOCATION-DE-COURTE-DUREE-1536x1080.png 1536w\" sizes=\"(max-width: 767px) 89vw, (max-width: 1000px) 54vw, (max-width: 1071px) 543px, 580px\" \/><\/a><\/p>\n<\/blockquote>\n<\/div><\/div>\n\n\n\n<p>Si vous \u00eates propri\u00e9taire d\u2019un g\u00eete ou d\u2019un logement destin\u00e9 \u00e0 la location saisonni\u00e8re et que vous souhaitez \u00e9changer sur votre situation, je peux \u00e9galement vous apporter un premier regard ou des conseils adapt\u00e9s \u00e0 votre projet.<\/p>\n\n\n\n<p>\ud83d\udc49 <strong>Poser ma question<\/strong><\/p>\n","protected":false},"excerpt":{"rendered":"<p>Gestion de l&rsquo;entretien du logement: L&rsquo;innovation est l\u00e0 pour vous. AVANT , Il fallait mettre \u00e0 jour manuellement les calendriers des 2 \/3 diff\u00e9rentes plateformes de r\u00e9servations pour ne pas risquer le surbooking (double r\u00e9servations, voir m\u00eame des familles de vacanciers qui arrivent en m\u00eame temps.) La diffusion des annonces \u00e9tait limit\u00e9e \u00e0 2 ou &hellip; <\/p>\n<p class=\"link-more\"><a href=\"https:\/\/bienlouerconciergerie.fr\/index.php\/avantages\/\" class=\"more-link\">Continuer la lecture<span class=\"screen-reader-text\"> de &laquo;&nbsp;Solution compl\u00e8te d&rsquo; accompagnement aux propri\u00e9taires&nbsp;&raquo;<\/span><\/a><\/p>\n","protected":false},"author":1,"featured_media":0,"parent":0,"menu_order":0,"comment_status":"closed","ping_status":"closed","template":"page-templates\/full-width-page.php","meta":{"footnotes":""},"_links":{"self":[{"href":"https:\/\/bienlouerconciergerie.fr\/index.php\/wp-json\/wp\/v2\/pages\/377"}],"collection":[{"href":"https:\/\/bienlouerconciergerie.fr\/index.php\/wp-json\/wp\/v2\/pages"}],"about":[{"href":"https:\/\/bienlouerconciergerie.fr\/index.php\/wp-json\/wp\/v2\/types\/page"}],"author":[{"embeddable":true,"href":"https:\/\/bienlouerconciergerie.fr\/index.php\/wp-json\/wp\/v2\/users\/1"}],"replies":[{"embeddable":true,"href":"https:\/\/bienlouerconciergerie.fr\/index.php\/wp-json\/wp\/v2\/comments?post=377"}],"version-history":[{"count":39,"href":"https:\/\/bienlouerconciergerie.fr\/index.php\/wp-json\/wp\/v2\/pages\/377\/revisions"}],"predecessor-version":[{"id":1837,"href":"https:\/\/bienlouerconciergerie.fr\/index.php\/wp-json\/wp\/v2\/pages\/377\/revisions\/1837"}],"wp:attachment":[{"href":"https:\/\/bienlouerconciergerie.fr\/index.php\/wp-json\/wp\/v2\/media?parent=377"}],"curies":[{"name":"wp","href":"https:\/\/api.w.org\/{rel}","templated":true}]}}