{"id":412,"date":"2021-12-09T12:35:58","date_gmt":"2021-12-09T11:35:58","guid":{"rendered":"https:\/\/bienlouerconciergerie.fr\/?page_id=412"},"modified":"2026-03-09T14:26:52","modified_gmt":"2026-03-09T13:26:52","slug":"prestations","status":"publish","type":"page","link":"https:\/\/bienlouerconciergerie.fr\/index.php\/prestations\/","title":{"rendered":"Quel budget pr\u00e9voir pour la gestion des logements?"},"content":{"rendered":"\n<p><\/p>\n\n\n\n<p><\/p>\n\n\n\n<p>Les prestations de gestion et d\u2019entretien varient selon plusieurs crit\u00e8res :<\/p>\n\n\n\n<ul>\n<li>la surface du logement<\/li>\n\n\n\n<li>le niveau d\u2019\u00e9quipement<\/li>\n\n\n\n<li>la fr\u00e9quence des locations<\/li>\n\n\n\n<li>la distance d\u2019intervention<\/li>\n<\/ul>\n\n\n\n<p>Les tarifs ci-dessous sont donc <strong>indicatifs<\/strong>.<\/p>\n\n\n\n<hr class=\"wp-block-separator has-alpha-channel-opacity\"\/>\n\n\n\n<h2 class=\"wp-block-heading\">Entretien et pr\u00e9paration des logements<\/h2>\n\n\n\n<p>Retouche m\u00e9nage, v\u00e9rification du logement, mise en place des consommables et pr\u00e9paration de l\u2019accueil.<\/p>\n\n\n\n<p>\ud83d\udcb0 <strong>\u00c0 partir de 1,20 \u20ac \/ m\u00b2<\/strong><\/p>\n\n\n\n<hr class=\"wp-block-separator has-alpha-channel-opacity\"\/>\n\n\n\n<h2 class=\"wp-block-heading\">Nettoyage complet et remise en \u00e9tat<\/h2>\n\n\n\n<p>Nettoyage approfondi des sols, sanitaires, \u00e9lectrom\u00e9nagers, terrasses et remise en \u00e9tat du logement apr\u00e8s d\u00e9part des locataires.<\/p>\n\n\n\n<p>\ud83d\udcb0 <strong>\u00c0 partir de 1,50 \u20ac \/ m\u00b2<\/strong><\/p>\n\n\n\n<hr class=\"wp-block-separator has-alpha-channel-opacity\"\/>\n\n\n\n<h2 class=\"wp-block-heading\">Gestion de l\u2019accueil locatif<\/h2>\n\n\n\n<p>Check-in, check-out, contr\u00f4le du logement, remise des cl\u00e9s et v\u00e9rification apr\u00e8s s\u00e9jour.<\/p>\n\n\n\n<p>\ud83d\udcb0 <strong>\u00c0 partir de 75 \u20ac<\/strong><\/p>\n\n\n\n<hr class=\"wp-block-separator has-alpha-channel-opacity\"\/>\n\n\n\n<h2 class=\"wp-block-heading\">Gestion du linge<\/h2>\n\n\n\n<p>Lavage, s\u00e9chage, pliage et mise en place du linge de lit.<\/p>\n\n\n\n<p>\ud83d\udcb0 <strong>\u00c0 partir de 20 \u20ac \/ kit literie<\/strong><\/p>\n\n\n\n<hr class=\"wp-block-separator has-alpha-channel-opacity\"\/>\n\n\n\n<h2 class=\"wp-block-heading\">Prestations compl\u00e9mentaires<\/h2>\n\n\n\n<p>Selon les besoins :<\/p>\n\n\n\n<ul>\n<li>organisation ouverture de saison<\/li>\n\n\n\n<li>contr\u00f4le du logement hors saison<\/li>\n\n\n\n<li>surveillance intemp\u00e9ries<\/li>\n\n\n\n<li>nettoyage vitres ou terrasse<\/li>\n\n\n\n<li>interventions exceptionnelles<\/li>\n<\/ul>\n\n\n\n<p>\ud83d\udcb0 <strong>Sur devis<\/strong><\/p>\n\n\n\n<p class=\"has-cyan-bluish-gray-color has-text-color\" style=\"font-size:24px\">Bien Louer Conciergerie prend soin de votre logement et des voyageurs qui s\u2019y rendent. <\/p>\n\n\n\n<p class=\"has-cyan-bluish-gray-color has-text-color\" style=\"font-size:24px\">en partenariat avec:<\/p>\n\n\n\n<p class=\"has-cyan-bluish-gray-color has-text-color\" style=\"font-size:24px\">CocoonR s\u2019occupe de g\u00e9rer et de commercialiser au mieux votre logement sans frais d&rsquo;abonnement et de dossier <\/p>\n\n\n\n<p><\/p>\n","protected":false},"excerpt":{"rendered":"<p>Les prestations de gestion et d\u2019entretien varient selon plusieurs crit\u00e8res : Les tarifs ci-dessous sont donc indicatifs. Entretien et pr\u00e9paration des logements Retouche m\u00e9nage, v\u00e9rification du logement, mise en place des consommables et pr\u00e9paration de l\u2019accueil. \ud83d\udcb0 \u00c0 partir de 1,20 \u20ac \/ m\u00b2 Nettoyage complet et remise en \u00e9tat Nettoyage approfondi des sols, sanitaires, &hellip; <\/p>\n<p class=\"link-more\"><a href=\"https:\/\/bienlouerconciergerie.fr\/index.php\/prestations\/\" class=\"more-link\">Continuer la lecture<span class=\"screen-reader-text\"> de &laquo;&nbsp;Quel budget pr\u00e9voir pour la gestion des logements?&nbsp;&raquo;<\/span><\/a><\/p>\n","protected":false},"author":1,"featured_media":0,"parent":0,"menu_order":0,"comment_status":"closed","ping_status":"closed","template":"","meta":{"footnotes":""},"_links":{"self":[{"href":"https:\/\/bienlouerconciergerie.fr\/index.php\/wp-json\/wp\/v2\/pages\/412"}],"collection":[{"href":"https:\/\/bienlouerconciergerie.fr\/index.php\/wp-json\/wp\/v2\/pages"}],"about":[{"href":"https:\/\/bienlouerconciergerie.fr\/index.php\/wp-json\/wp\/v2\/types\/page"}],"author":[{"embeddable":true,"href":"https:\/\/bienlouerconciergerie.fr\/index.php\/wp-json\/wp\/v2\/users\/1"}],"replies":[{"embeddable":true,"href":"https:\/\/bienlouerconciergerie.fr\/index.php\/wp-json\/wp\/v2\/comments?post=412"}],"version-history":[{"count":22,"href":"https:\/\/bienlouerconciergerie.fr\/index.php\/wp-json\/wp\/v2\/pages\/412\/revisions"}],"predecessor-version":[{"id":1828,"href":"https:\/\/bienlouerconciergerie.fr\/index.php\/wp-json\/wp\/v2\/pages\/412\/revisions\/1828"}],"wp:attachment":[{"href":"https:\/\/bienlouerconciergerie.fr\/index.php\/wp-json\/wp\/v2\/media?parent=412"}],"curies":[{"name":"wp","href":"https:\/\/api.w.org\/{rel}","templated":true}]}}