{"id":970,"date":"2021-12-13T18:13:16","date_gmt":"2021-12-13T17:13:16","guid":{"rendered":"https:\/\/bienlouerconciergerie.fr\/?page_id=970"},"modified":"2026-03-28T22:57:42","modified_gmt":"2026-03-28T21:57:42","slug":"flyer","status":"publish","type":"page","link":"https:\/\/bienlouerconciergerie.fr\/index.php\/flyer\/","title":{"rendered":"Flyer"},"content":{"rendered":"\n<div class=\"wp-block-columns is-layout-flex wp-container-core-columns-layout-1 wp-block-columns-is-layout-flex\">\n<div class=\"wp-block-column is-layout-flow wp-block-column-is-layout-flow\" style=\"flex-basis:100%\">\n<figure class=\"wp-block-image size-full is-style-default\"><img loading=\"lazy\" decoding=\"async\" width=\"446\" height=\"924\" src=\"https:\/\/bienlouerconciergerie.fr\/wp-content\/uploads\/2026\/03\/35f61481-cc4d-4c2e-9402-fed31ba967cc.jpg\" alt=\"\" class=\"wp-image-1844\" style=\"aspect-ratio:0.75;object-fit:cover\" srcset=\"https:\/\/bienlouerconciergerie.fr\/wp-content\/uploads\/2026\/03\/35f61481-cc4d-4c2e-9402-fed31ba967cc.jpg 446w, https:\/\/bienlouerconciergerie.fr\/wp-content\/uploads\/2026\/03\/35f61481-cc4d-4c2e-9402-fed31ba967cc-145x300.jpg 145w\" sizes=\"(max-width: 446px) 100vw, 446px\" \/><\/figure>\n<\/div>\n<\/div>\n\n\n\n<p>\ud83d\udc49 Votre conciergerie en Sud Ard\u00e8che<\/p>\n\n\n\n<p><strong>Texte court :<\/strong><br>Accompagnement des propri\u00e9taires en location courte dur\u00e9e : gestion, optimisation des r\u00e9servations et s\u00e9r\u00e9nit\u00e9.<\/p>\n\n\n\n<div class=\"wp-block-buttons is-layout-flex wp-block-buttons-is-layout-flex\">\n<div class=\"wp-block-button\"><a class=\"wp-block-button__link wp-element-button\">\ud83d\udc49 Discuter de  <strong><em>votre<\/em><\/strong> projet<\/a><\/div>\n<\/div>\n","protected":false},"excerpt":{"rendered":"<p>\ud83d\udc49 Votre conciergerie en Sud Ard\u00e8che Texte court :Accompagnement des propri\u00e9taires en location courte dur\u00e9e : gestion, optimisation des r\u00e9servations et s\u00e9r\u00e9nit\u00e9.<\/p>\n","protected":false},"author":1,"featured_media":0,"parent":0,"menu_order":0,"comment_status":"closed","ping_status":"closed","template":"","meta":{"footnotes":""},"_links":{"self":[{"href":"https:\/\/bienlouerconciergerie.fr\/index.php\/wp-json\/wp\/v2\/pages\/970"}],"collection":[{"href":"https:\/\/bienlouerconciergerie.fr\/index.php\/wp-json\/wp\/v2\/pages"}],"about":[{"href":"https:\/\/bienlouerconciergerie.fr\/index.php\/wp-json\/wp\/v2\/types\/page"}],"author":[{"embeddable":true,"href":"https:\/\/bienlouerconciergerie.fr\/index.php\/wp-json\/wp\/v2\/users\/1"}],"replies":[{"embeddable":true,"href":"https:\/\/bienlouerconciergerie.fr\/index.php\/wp-json\/wp\/v2\/comments?post=970"}],"version-history":[{"count":11,"href":"https:\/\/bienlouerconciergerie.fr\/index.php\/wp-json\/wp\/v2\/pages\/970\/revisions"}],"predecessor-version":[{"id":1849,"href":"https:\/\/bienlouerconciergerie.fr\/index.php\/wp-json\/wp\/v2\/pages\/970\/revisions\/1849"}],"wp:attachment":[{"href":"https:\/\/bienlouerconciergerie.fr\/index.php\/wp-json\/wp\/v2\/media?parent=970"}],"curies":[{"name":"wp","href":"https:\/\/api.w.org\/{rel}","templated":true}]}}